{"id":161,"date":"2025-05-14T01:59:04","date_gmt":"2025-05-14T05:59:04","guid":{"rendered":"https:\/\/vipbrowsstudio.com\/?page_id=161"},"modified":"2025-05-16T01:14:15","modified_gmt":"2025-05-16T05:14:15","slug":"services","status":"publish","type":"page","link":"https:\/\/vipbrowsstudio.com\/es\/services\/","title":{"rendered":"Services"},"content":{"rendered":"<p><\/p>\n\n\n\n<hr class=\"wp-block-separator has-alpha-channel-opacity\"\/>\n\n\n\n<div class=\"wp-block-group has-global-padding is-layout-constrained wp-block-group-is-layout-constrained\">\n<div class=\"wp-block-group has-global-padding is-layout-constrained wp-block-group-is-layout-constrained\">\n<h2 class=\"wp-block-heading has-text-align-center has-secondary-color has-text-color has-link-color has-heading-font-family wp-elements-7392db792f92e4aae3c8ec760c02e65b\" style=\"font-size:16px\">&#8211; MICROPIGMENTATION &#8211;<\/h2>\n\n\n\n<hr class=\"wp-block-separator has-alpha-channel-opacity\"\/>\n<\/div>\n<\/div>\n\n\n\n<div class=\"wp-block-group has-global-padding is-layout-constrained wp-block-group-is-layout-constrained\">\n<p class=\"has-text-align-center has-heading-font-family\" style=\"font-size:15px;font-style:normal;font-weight:800\">POWDER BROWS <\/p>\n<\/div>\n\n\n\n<figure class=\"wp-block-image aligncenter size-large is-resized has-custom-border wp-duotone-unset-1\"><img loading=\"lazy\" decoding=\"async\" width=\"1024\" height=\"682\" src=\"https:\/\/vipbrowsstudio.com\/wp-content\/uploads\/2025\/05\/Captura-de-pantalla-2025-05-12-a-las-7.27.48\u202fp.m-5-1024x682.png\" alt=\"\" class=\"wp-image-164\" style=\"border-style:none;border-width:0px;border-radius:12px;box-shadow:var(--wp--preset--shadow--natural);width:200px\" srcset=\"https:\/\/vipbrowsstudio.com\/wp-content\/uploads\/2025\/05\/Captura-de-pantalla-2025-05-12-a-las-7.27.48\u202fp.m-5-1024x682.png 1024w, https:\/\/vipbrowsstudio.com\/wp-content\/uploads\/2025\/05\/Captura-de-pantalla-2025-05-12-a-las-7.27.48\u202fp.m-5-300x200.png 300w, https:\/\/vipbrowsstudio.com\/wp-content\/uploads\/2025\/05\/Captura-de-pantalla-2025-05-12-a-las-7.27.48\u202fp.m-5-768x512.png 768w, https:\/\/vipbrowsstudio.com\/wp-content\/uploads\/2025\/05\/Captura-de-pantalla-2025-05-12-a-las-7.27.48\u202fp.m-5-18x12.png 18w, https:\/\/vipbrowsstudio.com\/wp-content\/uploads\/2025\/05\/Captura-de-pantalla-2025-05-12-a-las-7.27.48\u202fp.m-5.png 1534w\" sizes=\"auto, (max-width: 1024px) 100vw, 1024px\" \/><\/figure>\n\n\n\n<div class=\"wp-block-group has-global-padding is-layout-constrained wp-block-group-is-layout-constrained\">\n<p class=\"has-heading-font-family\" style=\"font-size:12px\"><strong>Powder Brows<\/strong> is an advanced <strong>eyebrow micropigmentation<\/strong> technique designed to create a soft, shaded makeup effect\u2014similar to the look of filled-in brows using powder or pencil. <\/p>\n\n\n\n<p class=\"has-heading-font-family\" style=\"font-size:12px\">During the treatment, a specialized machine with an ultra-fine needle deposits pigment into the upper layers of the skin. Unlike <strong>microblading<\/strong>, which creates hair-like strokes, <strong>Powder Brows<\/strong> delivers a more blended, fuller, and defined appearance. It&#8217;s perfect for anyone who wants well-shaped, long-lasting brows with a soft finish.<\/p>\n\n\n\n<div class=\"wp-block-group has-global-padding is-layout-constrained wp-block-group-is-layout-constrained\">\n<h2 class=\"wp-block-heading\" style=\"font-size:12px;font-style:normal;font-weight:1000\">Benefits of Powder Brows:<\/h2>\n\n\n\n<div class=\"wp-block-group has-global-padding is-layout-constrained wp-block-group-is-layout-constrained\">\n<p style=\"line-height:0\">&#8211; Natural-looking yet more defined results<\/p>\n<\/div>\n\n\n\n<p style=\"font-size:12px;line-height:0\">&#8211; Suitable for all skin types, including oily or mature skin<\/p>\n\n\n\n<p style=\"font-size:12px;line-height:0\">&#8211; Less invasive than other techniques<\/p>\n\n\n\n<p style=\"font-size:12px;line-height:0\">&#8211; Results last 1 to 2 years with touch-ups<\/p>\n\n\n\n<p style=\"font-size:12px;line-height:0.3\">&#8211; Improves brow shape and symmetry<\/p>\n<\/div>\n<\/div>\n\n\n\n<div class=\"wp-block-group has-global-padding is-layout-constrained wp-block-group-is-layout-constrained\">\n<div class=\"wp-block-group has-global-padding is-layout-constrained wp-block-group-is-layout-constrained\">\n<h2 class=\"wp-block-heading has-text-align-left has-heading-font-family\" style=\"font-size:15px;font-style:normal;font-weight:800\">MICROBLADING<\/h2>\n\n\n\n<p style=\"font-size:13px\"><strong>Microblading<\/strong> is a <strong>manual eyebrow micropigmentation technique<\/strong> designed to enhance the shape, fullness, and appearance of the eyebrows by creating extremely natural-looking results. It involves using a handheld tool with tiny blade-like needles to <strong>draw individual hair-like strokes<\/strong> and deposit pigment into the upper layers of the skin.<\/p>\n\n\n\n<div class=\"wp-block-group has-global-padding is-layout-constrained wp-block-group-is-layout-constrained\">\n<p style=\"font-size:12px\">Unlike other methods like <strong>Powder Brows<\/strong>, which create a soft, shaded makeup effect, microblading mimics the appearance of real eyebrow hairs. This makes it ideal for those with sparse brows or anyone who wants a more natural, \u201cno-makeup\u201d look.<\/p>\n\n\n\n<hr class=\"wp-block-separator has-alpha-channel-opacity\"\/>\n\n\n\n<div class=\"wp-block-group has-global-padding is-layout-constrained wp-block-group-is-layout-constrained\">\n<h2 class=\"wp-block-heading has-text-align-center has-secondary-color has-text-color has-link-color wp-elements-fe461d58873c986c76f494043a64a7ac\" style=\"font-size:16px\">&#8211; BROW WAXING &#8211; HENNA &#8211;<\/h2>\n\n\n\n<hr class=\"wp-block-separator has-alpha-channel-opacity\"\/>\n<\/div>\n<\/div>\n<\/div>\n\n\n\n<div class=\"wp-block-group has-global-padding is-layout-constrained wp-block-group-is-layout-constrained\">\n<h2 class=\"wp-block-heading has-text-align-center has-heading-font-family\" style=\"font-size:15px;font-style:normal;font-weight:800\">BROW WAXING<\/h2>\n<\/div>\n<\/div>\n\n\n\n<figure class=\"wp-block-gallery has-nested-images columns-default is-cropped wp-block-gallery-2 is-layout-flex wp-block-gallery-is-layout-flex\">\n<figure class=\"wp-block-image size-full has-custom-border is-style-rounded\"><img loading=\"lazy\" decoding=\"async\" width=\"768\" height=\"768\" data-id=\"167\" src=\"https:\/\/vipbrowsstudio.com\/wp-content\/uploads\/2025\/05\/brow-sculpt-and-tint_1512x-1.webp\" alt=\"\" class=\"wp-image-167\" style=\"border-radius:12px;box-shadow:var(--wp--preset--shadow--natural)\" srcset=\"https:\/\/vipbrowsstudio.com\/wp-content\/uploads\/2025\/05\/brow-sculpt-and-tint_1512x-1.webp 768w, https:\/\/vipbrowsstudio.com\/wp-content\/uploads\/2025\/05\/brow-sculpt-and-tint_1512x-1-300x300.webp 300w, https:\/\/vipbrowsstudio.com\/wp-content\/uploads\/2025\/05\/brow-sculpt-and-tint_1512x-1-150x150.webp 150w, https:\/\/vipbrowsstudio.com\/wp-content\/uploads\/2025\/05\/brow-sculpt-and-tint_1512x-1-12x12.webp 12w\" sizes=\"auto, (max-width: 768px) 100vw, 768px\" \/><\/figure>\n<\/figure>\n\n\n\n<h3 class=\"wp-block-heading\" style=\"font-size:12px;font-style:normal;font-weight:300;line-height:1.4\"><strong>All Our Waxing Services Are Performed with Professional Wax<\/strong><\/h3>\n\n\n\n<p style=\"font-size:12px\">We begin with a <strong>brow mapping session<\/strong> where we carefully design the ideal shape for your face. During this step, we\u2019ll show you how your brows will look and explain any corrections or adjustments we plan to make.<\/p>\n\n\n\n<p style=\"font-size:12px\">Once you approve the design, we proceed with <strong>precision waxing<\/strong> using high-quality depilatory wax.<\/p>\n\n\n\n<p style=\"font-size:12px\">After the waxing, you&#8217;ll enjoy a brief <strong>relaxing massage around the brow area<\/strong> using essential oils, followed by a soothing session of <strong>cryotherapy<\/strong> to calm the skin and reduce inflammation.<\/p>\n\n\n\n<div class=\"wp-block-group has-global-padding is-layout-constrained wp-block-group-is-layout-constrained\">\n<p style=\"font-size:15px;font-style:normal;font-weight:800\">COMBO BROWS ( BROW WAXING + HENNA)<\/p>\n\n\n\n<figure class=\"wp-block-gallery has-nested-images columns-default is-cropped wp-block-gallery-3 is-layout-flex wp-block-gallery-is-layout-flex\">\n<figure class=\"wp-block-image size-full is-style-default\"><img loading=\"lazy\" decoding=\"async\" width=\"1540\" height=\"1540\" data-id=\"181\" src=\"https:\/\/vipbrowsstudio.com\/wp-content\/uploads\/2025\/05\/Regala-1-1-edited.jpg\" alt=\"\" class=\"wp-image-181\" srcset=\"https:\/\/vipbrowsstudio.com\/wp-content\/uploads\/2025\/05\/Regala-1-1-edited.jpg 1540w, https:\/\/vipbrowsstudio.com\/wp-content\/uploads\/2025\/05\/Regala-1-1-edited-300x300.jpg 300w, https:\/\/vipbrowsstudio.com\/wp-content\/uploads\/2025\/05\/Regala-1-1-edited-1024x1024.jpg 1024w, https:\/\/vipbrowsstudio.com\/wp-content\/uploads\/2025\/05\/Regala-1-1-edited-150x150.jpg 150w, https:\/\/vipbrowsstudio.com\/wp-content\/uploads\/2025\/05\/Regala-1-1-edited-768x768.jpg 768w, https:\/\/vipbrowsstudio.com\/wp-content\/uploads\/2025\/05\/Regala-1-1-edited-1536x1536.jpg 1536w, https:\/\/vipbrowsstudio.com\/wp-content\/uploads\/2025\/05\/Regala-1-1-edited-12x12.jpg 12w\" sizes=\"auto, (max-width: 1540px) 100vw, 1540px\" \/><\/figure>\n<\/figure>\n<\/div>\n\n\n\n<p style=\"font-size:12px\">This is our clients\u2019 favorite combo \u2013 our signature brow service.<\/p>\n\n\n\n<p style=\"font-size:12px\">This popular service includes eyebrow waxing and henna tinting to create a soft, shaded effect for fuller, more defined brows.<\/p>\n\n\n\n<p style=\"font-size:12px\">The henna lasts up to one week on the skin and up to 4-6  weeks on the brow hair, giving you a longer-lasting, makeup-free look.<\/p>\n\n\n\n<h2 class=\"wp-block-heading has-heading-font-family\" style=\"font-size:15px;font-style:normal;font-weight:800\">BROW LAMINATION<\/h2>\n\n\n\n<figure class=\"wp-block-image aligncenter size-full is-resized has-custom-border\"><img loading=\"lazy\" decoding=\"async\" width=\"1080\" height=\"1350\" src=\"https:\/\/vipbrowsstudio.com\/wp-content\/uploads\/2025\/05\/Portada-de-Historias-2.jpg\" alt=\"\" class=\"wp-image-169\" style=\"border-radius:12px;box-shadow:var(--wp--preset--shadow--natural);aspect-ratio:1;object-fit:cover;width:200px\" srcset=\"https:\/\/vipbrowsstudio.com\/wp-content\/uploads\/2025\/05\/Portada-de-Historias-2.jpg 1080w, https:\/\/vipbrowsstudio.com\/wp-content\/uploads\/2025\/05\/Portada-de-Historias-2-240x300.jpg 240w, https:\/\/vipbrowsstudio.com\/wp-content\/uploads\/2025\/05\/Portada-de-Historias-2-819x1024.jpg 819w, https:\/\/vipbrowsstudio.com\/wp-content\/uploads\/2025\/05\/Portada-de-Historias-2-768x960.jpg 768w, https:\/\/vipbrowsstudio.com\/wp-content\/uploads\/2025\/05\/Portada-de-Historias-2-10x12.jpg 10w\" sizes=\"auto, (max-width: 1080px) 100vw, 1080px\" \/><\/figure>\n\n\n\n<p style=\"font-size:12px\">Is an aesthetic treatment for the eyebrows that helps give them a more defined and organized shape, while also providing a fuller and more voluminous appearance. It is a process in which special products are used to &#8220;laminate&#8221; (smooth and set) the eyebrow hairs, achieving a more uniform and styled position.<\/p>\n\n\n\n<hr class=\"wp-block-separator has-alpha-channel-opacity\"\/>\n\n\n\n<h2 class=\"wp-block-heading has-text-align-center has-heading-font-family\" style=\"font-size:25px\">&#8211; EYELASHES &#8211;<\/h2>\n\n\n\n<hr class=\"wp-block-separator has-alpha-channel-opacity\"\/>\n\n\n\n<p class=\"has-text-align-center\" style=\"font-size:15px;font-style:normal;font-weight:800\">CLASSIC<\/p>\n\n\n\n<p>The 1&#215;1 technique is used, which means one extension is applied to each natural eyelash, respecting the client\u2019s eye shape, lash density, and lash health. This method creates a natural, elegant, and defined look\u2014ideal for those who prefer a more conservative appearance.<\/p>\n\n\n\n<h2 class=\"wp-block-heading has-text-align-center\" style=\"font-size:15px\">WET EFFECT<\/h2>\n\n\n\n<div class=\"wp-block-group has-global-padding is-layout-constrained wp-container-core-group-is-layout-a0de3d40 wp-block-group-is-layout-constrained\">\n<figure class=\"wp-block-gallery has-nested-images columns-default is-cropped wp-block-gallery-4 is-layout-flex wp-block-gallery-is-layout-flex\">\n<figure class=\"wp-block-image size-full has-custom-border\"><img loading=\"lazy\" decoding=\"async\" width=\"674\" height=\"842\" data-id=\"179\" src=\"https:\/\/vipbrowsstudio.com\/wp-content\/uploads\/2025\/05\/Portada-de-Historias-1-edited.jpg\" alt=\"\" class=\"wp-image-179\" style=\"border-radius:9px;box-shadow:var(--wp--preset--shadow--natural)\" srcset=\"https:\/\/vipbrowsstudio.com\/wp-content\/uploads\/2025\/05\/Portada-de-Historias-1-edited.jpg 674w, https:\/\/vipbrowsstudio.com\/wp-content\/uploads\/2025\/05\/Portada-de-Historias-1-edited-240x300.jpg 240w, https:\/\/vipbrowsstudio.com\/wp-content\/uploads\/2025\/05\/Portada-de-Historias-1-edited-10x12.jpg 10w\" sizes=\"auto, (max-width: 674px) 100vw, 674px\" \/><\/figure>\n<\/figure>\n<\/div>\n\n\n\n<p style=\"font-size:12px\">Las extensiones de pesta\u00f1as <strong>Wet Effect<\/strong> (efecto mojado) son una t\u00e9cnica avanzada de volumen ligero que crea un look similar al que se obtiene cuando las pesta\u00f1as est\u00e1n reci\u00e9n aplicadas con r\u00edmel o mojadas, es decir, <strong>m\u00e1s oscuras, definidas y con una apariencia brillante y pulida<\/strong>.<\/p>\n\n\n\n<p>A diferencia del volumen tradicional, en el Wet Effect se utilizan <strong>grupos de extensiones finas y cerradas (spikes)<\/strong> que no se abanican completamente, lo que da un acabado m\u00e1s estructurado y moderno.<\/p>\n\n\n\n<h2 class=\"wp-block-heading has-text-align-center\" style=\"font-size:15px\">HAWAIANAS<\/h2>\n\n\n\n<figure class=\"wp-block-gallery has-nested-images columns-default is-cropped wp-block-gallery-5 is-layout-flex wp-block-gallery-is-layout-flex\">\n<figure class=\"wp-block-image size-large has-custom-border\"><img loading=\"lazy\" decoding=\"async\" width=\"784\" height=\"980\" data-id=\"186\" src=\"https:\/\/vipbrowsstudio.com\/wp-content\/uploads\/2025\/05\/Portada-de-Historias-2-edited.png\" alt=\"\" class=\"wp-image-186\" style=\"border-radius:12px;box-shadow:var(--wp--preset--shadow--natural)\" srcset=\"https:\/\/vipbrowsstudio.com\/wp-content\/uploads\/2025\/05\/Portada-de-Historias-2-edited.png 784w, https:\/\/vipbrowsstudio.com\/wp-content\/uploads\/2025\/05\/Portada-de-Historias-2-edited-240x300.png 240w, https:\/\/vipbrowsstudio.com\/wp-content\/uploads\/2025\/05\/Portada-de-Historias-2-edited-768x960.png 768w, https:\/\/vipbrowsstudio.com\/wp-content\/uploads\/2025\/05\/Portada-de-Historias-2-edited-10x12.png 10w\" sizes=\"auto, (max-width: 784px) 100vw, 784px\" \/><\/figure>\n<\/figure>\n\n\n\n<p style=\"font-size:12px\">Hawaiian extensions, also known as 2D technological volume, are a lash extension technique where <strong>YY-shaped extensions<\/strong> are applied to each natural lash. This allows for a fuller and more defined look without reaching an extreme volume.<\/p>\n\n\n\n<hr class=\"wp-block-separator has-alpha-channel-opacity\"\/>\n\n\n\n<p style=\"font-size:12px\"><\/p>\n\n\n\n<p><\/p>\n\n\n\n<p><\/p>\n\n\n\n<p><\/p>\n\n\n\n<p><\/p>\n\n\n\n<p><\/p>\n\n\n\n<p><\/p>","protected":false},"excerpt":{"rendered":"<p>&#8211; MICROPIGMENTATION &#8211; POWDER BROWS Powder Brows is an advanced eyebrow micropigmentation technique designed to create a soft, shaded makeup effect\u2014similar to the look of filled-in brows using powder or pencil. During the treatment, a specialized machine with an ultra-fine needle deposits pigment into the upper layers of the skin. Unlike microblading, which creates hair-like [&hellip;]<\/p>\n","protected":false},"author":1,"featured_media":178,"parent":0,"menu_order":0,"comment_status":"closed","ping_status":"closed","template":"","meta":{"footnotes":""},"class_list":["post-161","page","type-page","status-publish","has-post-thumbnail","hentry"],"_links":{"self":[{"href":"https:\/\/vipbrowsstudio.com\/es\/wp-json\/wp\/v2\/pages\/161","targetHints":{"allow":["GET"]}}],"collection":[{"href":"https:\/\/vipbrowsstudio.com\/es\/wp-json\/wp\/v2\/pages"}],"about":[{"href":"https:\/\/vipbrowsstudio.com\/es\/wp-json\/wp\/v2\/types\/page"}],"author":[{"embeddable":true,"href":"https:\/\/vipbrowsstudio.com\/es\/wp-json\/wp\/v2\/users\/1"}],"replies":[{"embeddable":true,"href":"https:\/\/vipbrowsstudio.com\/es\/wp-json\/wp\/v2\/comments?post=161"}],"version-history":[{"count":6,"href":"https:\/\/vipbrowsstudio.com\/es\/wp-json\/wp\/v2\/pages\/161\/revisions"}],"predecessor-version":[{"id":187,"href":"https:\/\/vipbrowsstudio.com\/es\/wp-json\/wp\/v2\/pages\/161\/revisions\/187"}],"wp:featuredmedia":[{"embeddable":true,"href":"https:\/\/vipbrowsstudio.com\/es\/wp-json\/wp\/v2\/media\/178"}],"wp:attachment":[{"href":"https:\/\/vipbrowsstudio.com\/es\/wp-json\/wp\/v2\/media?parent=161"}],"curies":[{"name":"wp","href":"https:\/\/api.w.org\/{rel}","templated":true}]}}